{"id":35,"date":"2016-01-11T16:25:04","date_gmt":"2016-01-11T14:25:04","guid":{"rendered":"http:\/\/www.tigerstampere.fi\/?page_id=35"},"modified":"2016-01-11T16:25:40","modified_gmt":"2016-01-11T14:25:40","slug":"korean-kick-boxing","status":"publish","type":"page","link":"https:\/\/www.tigerstampere.fi\/?page_id=35","title":{"rendered":"KOREAN KICK BOXING"},"content":{"rendered":"<p>Pian alkavalla alkeiskurssilla voit kehitt\u00e4\u00e4 kuntoa, kest\u00e4vyytt\u00e4 ja voimaa monipuolisilla ly\u00f6nti- ja potkuharjoitteilla. Kurssilla keskityt\u00e4\u00e4n eri ly\u00f6nti- ja potkutekniikoiden alkeiden opettelemiseen ja harjoitellaan varjonyrkkeily\u00e4 ilman vastustajaa. Erinomainen kuntoilumuoto kaikenik\u00e4isille.<\/p>\n","protected":false},"excerpt":{"rendered":"<p>Pian alkavalla alkeiskurssilla voit kehitt\u00e4\u00e4 kuntoa, kest\u00e4vyytt\u00e4 ja voimaa monipuolisilla ly\u00f6nti- ja potkuharjoitteilla. Kurssilla keskityt\u00e4\u00e4n eri ly\u00f6nti- ja potkutekniikoiden alkeiden opettelemiseen ja harjoitellaan varjonyrkkeily\u00e4 ilman vastustajaa. Erinomainen kuntoilumuoto kaikenik\u00e4isille.<\/p>\n","protected":false},"author":1,"featured_media":0,"parent":0,"menu_order":3,"comment_status":"closed","ping_status":"closed","template":"","meta":[],"_links":{"self":[{"href":"https:\/\/www.tigerstampere.fi\/index.php?rest_route=\/wp\/v2\/pages\/35"}],"collection":[{"href":"https:\/\/www.tigerstampere.fi\/index.php?rest_route=\/wp\/v2\/pages"}],"about":[{"href":"https:\/\/www.tigerstampere.fi\/index.php?rest_route=\/wp\/v2\/types\/page"}],"author":[{"embeddable":true,"href":"https:\/\/www.tigerstampere.fi\/index.php?rest_route=\/wp\/v2\/users\/1"}],"replies":[{"embeddable":true,"href":"https:\/\/www.tigerstampere.fi\/index.php?rest_route=%2Fwp%2Fv2%2Fcomments&post=35"}],"version-history":[{"count":1,"href":"https:\/\/www.tigerstampere.fi\/index.php?rest_route=\/wp\/v2\/pages\/35\/revisions"}],"predecessor-version":[{"id":36,"href":"https:\/\/www.tigerstampere.fi\/index.php?rest_route=\/wp\/v2\/pages\/35\/revisions\/36"}],"wp:attachment":[{"href":"https:\/\/www.tigerstampere.fi\/index.php?rest_route=%2Fwp%2Fv2%2Fmedia&parent=35"}],"curies":[{"name":"wp","href":"https:\/\/api.w.org\/{rel}","templated":true}]}}