{"id":33,"date":"2016-01-11T16:24:48","date_gmt":"2016-01-11T14:24:48","guid":{"rendered":"http:\/\/www.tigerstampere.fi\/?page_id=33"},"modified":"2016-01-11T16:26:25","modified_gmt":"2016-01-11T14:26:25","slug":"taekwon-do","status":"publish","type":"page","link":"https:\/\/www.tigerstampere.fi\/?page_id=33","title":{"rendered":"TAEKWON-DO"},"content":{"rendered":"<p>Taekwon-Do on taistelulaji, jonka harjoituksissa kehitet\u00e4\u00e4n fyysist\u00e4 kuntoa ja notkeutta. Samalla opit itsepuolustustaitoja, sek\u00e4 kehon ja mielen hallintaa. Taekwon-Don avulla kehittyv\u00e4t my\u00f6s sosiaaliset taidot, ryhm\u00e4ty\u00f6taidot ja kyky hahmottaa omaa kehoa.<\/p>\n","protected":false},"excerpt":{"rendered":"<p>Taekwon-Do on taistelulaji, jonka harjoituksissa kehitet\u00e4\u00e4n fyysist\u00e4 kuntoa ja notkeutta. Samalla opit itsepuolustustaitoja, sek\u00e4 kehon ja mielen hallintaa. Taekwon-Don avulla kehittyv\u00e4t my\u00f6s sosiaaliset taidot, ryhm\u00e4ty\u00f6taidot ja kyky hahmottaa omaa kehoa.<\/p>\n","protected":false},"author":1,"featured_media":0,"parent":0,"menu_order":2,"comment_status":"closed","ping_status":"closed","template":"","meta":[],"_links":{"self":[{"href":"https:\/\/www.tigerstampere.fi\/index.php?rest_route=\/wp\/v2\/pages\/33"}],"collection":[{"href":"https:\/\/www.tigerstampere.fi\/index.php?rest_route=\/wp\/v2\/pages"}],"about":[{"href":"https:\/\/www.tigerstampere.fi\/index.php?rest_route=\/wp\/v2\/types\/page"}],"author":[{"embeddable":true,"href":"https:\/\/www.tigerstampere.fi\/index.php?rest_route=\/wp\/v2\/users\/1"}],"replies":[{"embeddable":true,"href":"https:\/\/www.tigerstampere.fi\/index.php?rest_route=%2Fwp%2Fv2%2Fcomments&post=33"}],"version-history":[{"count":1,"href":"https:\/\/www.tigerstampere.fi\/index.php?rest_route=\/wp\/v2\/pages\/33\/revisions"}],"predecessor-version":[{"id":34,"href":"https:\/\/www.tigerstampere.fi\/index.php?rest_route=\/wp\/v2\/pages\/33\/revisions\/34"}],"wp:attachment":[{"href":"https:\/\/www.tigerstampere.fi\/index.php?rest_route=%2Fwp%2Fv2%2Fmedia&parent=33"}],"curies":[{"name":"wp","href":"https:\/\/api.w.org\/{rel}","templated":true}]}}